{"id":12,"date":"2023-09-26T14:10:55","date_gmt":"2023-09-26T14:10:55","guid":{"rendered":"https:\/\/journalbyaicha.com\/?page_id=12"},"modified":"2023-10-19T16:39:10","modified_gmt":"2023-10-19T16:39:10","slug":"private-policy","status":"publish","type":"page","link":"https:\/\/journalbyaicha.com\/fr\/private-policy\/","title":{"rendered":"Confidentialit\u00e9"},"content":{"rendered":"<p class=\"has-black-color has-text-color has-link-color wp-elements-adb14588bffafa36fe8d7b1fea337ce2 wp-block-paragraph\" style=\"font-size:clamp(14px, 0.875rem + ((1vw - 3.2px) * 0.156), 16px);\">Cette page vous informe de nos politiques concernant la collecte, l'utilisation et la divulgation d'informations personnelles lorsque vous utilisez nos services.<\/p>\n\n\n\n<p class=\"has-black-color has-text-color has-link-color wp-elements-276e0ad18524cdd2b1e83dd3c2689a7b wp-block-paragraph\" style=\"font-size:clamp(14px, 0.875rem + ((1vw - 3.2px) * 0.156), 16px);\">Nous nous engageons \u00e0 ne pas utiliser ou partager vos informations avec qui que ce soit, sauf dans les cas d\u00e9crits dans la pr\u00e9sente politique de confidentialit\u00e9.<\/p>\n\n\n\n<p class=\"has-black-color has-text-color has-link-color wp-elements-59f5f571350f0c52ec5230e865def0da wp-block-paragraph\" style=\"font-size:clamp(14px, 0.875rem + ((1vw - 3.2px) * 0.156), 16px);\">Nous utilisons vos informations personnelles pour fournir et am\u00e9liorer le service. En utilisant nos services, vous acceptez la collecte et l'utilisation d'informations dans le cadre de la pr\u00e9sente politique. Sauf indication contraire dans la pr\u00e9sente politique de confidentialit\u00e9, les termes utilis\u00e9s dans la pr\u00e9sente politique de confidentialit\u00e9 ont la m\u00eame signification que dans nos termes et conditions.&nbsp;<\/p>\n\n\n\n<h2 class=\"wp-block-heading has-black-color has-text-color has-link-color has-medium-font-size wp-elements-2c1a4d42152bb8d545f6c75519529efb\">Collecte et Utilisation des Donn\u00e9es<\/h2>\n\n\n\n<p class=\"has-black-color has-text-color has-link-color wp-elements-35a272890ec01958958f4a7cdd967800 wp-block-paragraph\" style=\"font-size:clamp(14px, 0.875rem + ((1vw - 3.2px) * 0.156), 16px);\">Lors de l'utilisation de notre site web, nous pouvons vous demander de nous fournir certaines informations personnelles identifiables qui peuvent \u00eatre utilis\u00e9es pour vous contacter ou vous identifier. Les informations personnelles peuvent inclure, entre autres, les \u00e9l\u00e9ments suivants :<\/p>\n\n\n\n<ul class=\"has-black-color has-text-color has-link-color wp-block-list wp-elements-4466bf60492776cade4fb575352f00a7\">\n<li style=\"font-size:clamp(14px, 0.875rem + ((1vw - 3.2px) * 0.156), 16px);\">Nom<\/li>\n\n\n\n<li style=\"font-size:clamp(14px, 0.875rem + ((1vw - 3.2px) * 0.156), 16px);\">Adresse email<\/li>\n<\/ul>\n\n\n\n<h3 class=\"wp-block-heading has-black-color has-text-color has-link-color has-medium-font-size wp-elements-b0173e176c65244dbc67d0ddff3420c3\">Donn\u00e9es de Journal (Log Data)<\/h3>\n\n\n\n<p class=\"has-black-color has-text-color has-link-color wp-elements-870520d01a3ecff4d434c11752f6641c wp-block-paragraph\" style=\"font-size:clamp(14px, 0.875rem + ((1vw - 3.2px) * 0.156), 16px);\">Nous recueillons des informations que votre navigateur envoie chaque fois que vous visitez nos donn\u00e9es de journal. Ces donn\u00e9es peuvent inclure des informations telles que l'adresse IP de votre ordinateur, le type de navigateur, la version du navigateur, les pages de notre service que vous visitez, l'heure et la date de votre visite, le temps pass\u00e9 sur ces pages et d'autres statistiques.<\/p>\n\n\n\n<h3 class=\"wp-block-heading has-black-color has-text-color has-link-color has-medium-font-size wp-elements-d416eb638c5c25f16ea4d12126f75504\">Cookie Google AdSense et DoubleClick<\/h3>\n\n\n\n<p class=\"has-black-color has-text-color has-link-color wp-elements-12e583b870547766e30999d658fd2a6b wp-block-paragraph\" style=\"font-size:clamp(14px, 0.875rem + ((1vw - 3.2px) * 0.156), 16px);\">Google, en tant que fournisseur tiers, utilise des cookies pour diffuser des annonces sur notre site.<\/p>\n\n\n\n<h3 class=\"wp-block-heading has-black-color has-text-color has-link-color has-medium-font-size wp-elements-b0466c220ea68e8a5398bb3cde58c77b\">Cookies<\/h3>\n\n\n\n<p class=\"has-black-color has-text-color has-link-color wp-elements-0f349dfcb84573e792a18c4cc73dad58 wp-block-paragraph\" style=\"font-size:clamp(14px, 0.875rem + ((1vw - 3.2px) * 0.156), 16px);\">Les cookies sont des fichiers contenant une petite quantit\u00e9 de donn\u00e9es, qui peuvent inclure un identifiant unique anonyme. Les cookies sont envoy\u00e9s \u00e0 votre navigateur par un site web et stock\u00e9s sur le disque dur de votre ordinateur.<\/p>\n\n\n\n<p class=\"has-black-color has-text-color has-link-color wp-elements-86dd1c9210020e85145f084489f69e7c wp-block-paragraph\" style=\"font-size:clamp(14px, 0.875rem + ((1vw - 3.2px) * 0.156), 16px);\">Nous utilisons des \"cookies\" pour collecter des informations. Vous pouvez configurer votre navigateur pour qu'il refuse tous les cookies ou pour qu'il vous indique quand un cookie est envoy\u00e9. Toutefois, si vous n'acceptez pas les cookies, il se peut que vous ne puissiez pas utiliser certaines parties de notre site.<\/p>\n\n\n\n<h3 class=\"wp-block-heading has-black-color has-text-color has-link-color has-medium-font-size wp-elements-749ec4bdcf1de30cf91f3a961fb54d07\">Fournisseurs de Service<\/h3>\n\n\n\n<p class=\"has-black-color has-text-color has-link-color wp-elements-1d304562d0b3384937e31c94fc8e01bf wp-block-paragraph\">Nous pouvons faire appel \u00e0 des soci\u00e9t\u00e9s et des personnes tierces pour faciliter nos services, pour fournir les services en notre nom, pour fournir des services li\u00e9s aux services ou pour nous aider \u00e0 analyser la mani\u00e8re dont nos services sont utilis\u00e9s.<\/p>\n\n\n\n<p class=\"has-black-color has-text-color has-link-color wp-elements-03cd3002837c0fd8168c6ad9c3ce84df wp-block-paragraph\">Ces tiers n'ont acc\u00e8s \u00e0 vos informations personnelles que pour effectuer ces t\u00e2ches en notre nom et sont tenus de ne pas les divulguer ou les utiliser \u00e0 d'autres fins.<\/p>\n\n\n\n<h3 class=\"wp-block-heading has-black-color has-text-color has-link-color has-medium-font-size wp-elements-a360177de5f957607cea62fefd25f791\">S\u00e9curit\u00e9<\/h3>\n\n\n\n<p class=\"has-black-color has-text-color has-link-color wp-elements-859fd8bca8844e3fa3292acb86ee3e90 wp-block-paragraph\" style=\"font-size:clamp(14px, 0.875rem + ((1vw - 3.2px) * 0.156), 16px);\">La s\u00e9curit\u00e9 de vos informations personnelles est importante pour nous, mais n'oubliez pas qu'aucune m\u00e9thode de transmission sur Internet ou de stockage \u00e9lectronique n'est s\u00fbre \u00e0 100 %. Bien que nous nous efforcions d'utiliser des moyens commercialement acceptables pour prot\u00e9ger vos informations personnelles, nous ne pouvons pas garantir leur s\u00e9curit\u00e9 absolue.<\/p>\n\n\n\n<h3 class=\"wp-block-heading has-black-color has-text-color has-link-color has-medium-font-size wp-elements-473a9ce7f86026b15cd1e6bcb3e5dd27\">Liens vers d'autres sites<\/h3>\n\n\n\n<p class=\"has-black-color has-text-color has-link-color wp-elements-a49a642fe386afa8029bf92e5edd122a wp-block-paragraph\">Notre site peut contenir des liens vers d'autres sites que nous n'exploitons pas. Si vous cliquez sur le lien d'un tiers, vous serez dirig\u00e9 vers le site de ce tiers. Nous vous conseillons vivement de consulter la politique de confidentialit\u00e9 de chaque site que vous visitez.<\/p>\n\n\n\n<p class=\"has-black-color has-text-color has-link-color wp-elements-6f3b4b713e6e83c0f0b0229499bd804d wp-block-paragraph\">Nous n'avons aucun contr\u00f4le et n'assumons aucune responsabilit\u00e9 quant au contenu, aux politiques de confidentialit\u00e9 ou aux pratiques des sites ou services de tiers.<\/p>\n\n\n\n<h3 class=\"wp-block-heading has-black-color has-text-color has-link-color has-medium-font-size wp-elements-4b356ac2f9fd21f2a19974c7a3e43263\">Respect de la L\u00e9gislation<\/h3>\n\n\n\n<p class=\"has-black-color has-text-color has-link-color wp-elements-50401109aa21660742a0b3c2630693b7 wp-block-paragraph\" style=\"font-size:clamp(14px, 0.875rem + ((1vw - 3.2px) * 0.156), 16px);\">Nous divulguerons vos informations personnelles lorsque la loi ou une citation \u00e0 compara\u00eetre l'exige.<\/p>\n\n\n\n<h3 class=\"wp-block-heading has-black-color has-text-color has-link-color has-medium-font-size wp-elements-94e0bc5b253d9ec29f8a285c2760fe18\">Modifications de cette Politique de Confidentialit\u00e9<\/h3>\n\n\n\n<p class=\"has-black-color has-text-color has-link-color wp-elements-8e9255b5d4b6763f3965fe2218fa3060 wp-block-paragraph\" style=\"font-size:clamp(14px, 0.875rem + ((1vw - 3.2px) * 0.156), 16px);\">Nous pouvons mettre \u00e0 jour notre politique de confidentialit\u00e9 de temps \u00e0 autre. Nous vous informerons de toute modification en publiant la nouvelle politique de confidentialit\u00e9 sur cette page.<\/p>\n\n\n\n<p class=\"has-black-color has-text-color has-link-color wp-elements-22acdf0e4bcd58cd5e2d84a5a00325db wp-block-paragraph\" style=\"font-size:clamp(14px, 0.875rem + ((1vw - 3.2px) * 0.156), 16px);\">Nous vous conseillons de consulter r\u00e9guli\u00e8rement la politique de confidentialit\u00e9 pour prendre connaissance d'\u00e9ventuelles modifications. Les modifications apport\u00e9es \u00e0 la pr\u00e9sente politique de confidentialit\u00e9 entrent en vigueur lorsqu'elles sont publi\u00e9es sur cette page.<\/p>\n\n\n\n<h3 class=\"wp-block-heading has-black-color has-text-color has-link-color has-medium-font-size wp-elements-5fb333da08a73f00a1dc99885b3e1eaa\">Contactez-nous<\/h3>\n\n\n\n<p class=\"has-black-color has-text-color has-link-color wp-elements-edf744710b5d809eea7ac1f3dd7687e6 wp-block-paragraph\" style=\"font-size:clamp(14px, 0.875rem + ((1vw - 3.2px) * 0.156), 16px);\">Si vous avez des questions concernant cette politique de confidentialit\u00e9, veuillez nous contacter.<\/p>","protected":false},"excerpt":{"rendered":"<p>This page informs you of our policies regarding the collection, use, and disclosure of Personal Information when you use our Service. We will not use or share your information with anyone except as described in this Privacy Policy. We use your Personal Information to provide and improve the Service. By using the Service, you agree [&hellip;]<\/p>\n","protected":false},"author":1,"featured_media":0,"parent":0,"menu_order":0,"comment_status":"closed","ping_status":"closed","template":"","meta":{"qubely_global_settings":"","qubely_interactions":"","_crdt_document":"","om_disable_all_campaigns":false,"_monsterinsights_skip_tracking":false,"_monsterinsights_sitenote_active":false,"_monsterinsights_sitenote_note":"","_monsterinsights_sitenote_category":0,"_uf_show_specific_survey":0,"_uf_disable_surveys":false,"footnotes":""},"class_list":["post-12","page","type-page","status-publish","hentry"],"blocksy_meta":[],"aioseo_notices":[],"_links":{"self":[{"href":"https:\/\/journalbyaicha.com\/fr\/wp-json\/wp\/v2\/pages\/12","targetHints":{"allow":["GET"]}}],"collection":[{"href":"https:\/\/journalbyaicha.com\/fr\/wp-json\/wp\/v2\/pages"}],"about":[{"href":"https:\/\/journalbyaicha.com\/fr\/wp-json\/wp\/v2\/types\/page"}],"author":[{"embeddable":true,"href":"https:\/\/journalbyaicha.com\/fr\/wp-json\/wp\/v2\/users\/1"}],"replies":[{"embeddable":true,"href":"https:\/\/journalbyaicha.com\/fr\/wp-json\/wp\/v2\/comments?post=12"}],"version-history":[{"count":8,"href":"https:\/\/journalbyaicha.com\/fr\/wp-json\/wp\/v2\/pages\/12\/revisions"}],"predecessor-version":[{"id":752,"href":"https:\/\/journalbyaicha.com\/fr\/wp-json\/wp\/v2\/pages\/12\/revisions\/752"}],"wp:attachment":[{"href":"https:\/\/journalbyaicha.com\/fr\/wp-json\/wp\/v2\/media?parent=12"}],"curies":[{"name":"wp","href":"https:\/\/api.w.org\/{rel}","templated":true}]}}